{"id":374,"date":"2020-05-11T12:46:12","date_gmt":"2020-05-11T17:46:12","guid":{"rendered":"http:\/\/www.grupoinmobiliariosanisidro.com\/home\/?page_id=374"},"modified":"2020-05-13T23:03:38","modified_gmt":"2020-05-14T04:03:38","slug":"nosotros","status":"publish","type":"page","link":"http:\/\/www.grupoinmobiliariosanisidro.com\/home\/nosotros\/","title":{"rendered":"Nosotros"},"content":{"rendered":"\n<p>Somos una empresa constructora con m\u00e1s de 13 a\u00f1os de experiencia en la construcci\u00f3n de edificios multifamiliares. <\/p>\n\n\n\n<p>Nuestros proyectos son hechos con los est\u00e1ndares de calidad durante el proceso constructivo y en los acabados llegando a cumplir con las expectativas de nuestros clientes.<\/p>\n\n\n\n<p><strong>Misi\u00f3n<\/strong><br>Desarrollar proyectos inmobiliarios innovadores y funcionales, llegando a satisfacer las exigencias de nuestros clientes.<\/p>\n\n\n\n<p><strong>Visi\u00f3n<\/strong><br>Nuestra empresa contribuya con el cambio y la modernizaci\u00f3n de la ciudad.<\/p>\n","protected":false},"excerpt":{"rendered":"<p>Somos una empresa constructora con m\u00e1s de 13 a\u00f1os de experiencia en la construcci\u00f3n de edificios multifamiliares. Nuestros proyectos son hechos con los est\u00e1ndares de calidad durante el proceso constructivo y en los acabados llegando a cumplir con las expectativas de nuestros clientes. Misi\u00f3nDesarrollar proyectos inmobiliarios innovadores y funcionales, llegando a satisfacer las exigencias de [&hellip;]<\/p>\n","protected":false},"author":2,"featured_media":0,"parent":0,"menu_order":0,"comment_status":"closed","ping_status":"closed","template":"","meta":{"footnotes":""},"_links":{"self":[{"href":"http:\/\/www.grupoinmobiliariosanisidro.com\/home\/wp-json\/wp\/v2\/pages\/374"}],"collection":[{"href":"http:\/\/www.grupoinmobiliariosanisidro.com\/home\/wp-json\/wp\/v2\/pages"}],"about":[{"href":"http:\/\/www.grupoinmobiliariosanisidro.com\/home\/wp-json\/wp\/v2\/types\/page"}],"author":[{"embeddable":true,"href":"http:\/\/www.grupoinmobiliariosanisidro.com\/home\/wp-json\/wp\/v2\/users\/2"}],"replies":[{"embeddable":true,"href":"http:\/\/www.grupoinmobiliariosanisidro.com\/home\/wp-json\/wp\/v2\/comments?post=374"}],"version-history":[{"count":4,"href":"http:\/\/www.grupoinmobiliariosanisidro.com\/home\/wp-json\/wp\/v2\/pages\/374\/revisions"}],"predecessor-version":[{"id":465,"href":"http:\/\/www.grupoinmobiliariosanisidro.com\/home\/wp-json\/wp\/v2\/pages\/374\/revisions\/465"}],"wp:attachment":[{"href":"http:\/\/www.grupoinmobiliariosanisidro.com\/home\/wp-json\/wp\/v2\/media?parent=374"}],"curies":[{"name":"wp","href":"https:\/\/api.w.org\/{rel}","templated":true}]}}