{"id":19,"date":"2020-05-03T04:44:44","date_gmt":"2020-05-03T04:44:44","guid":{"rendered":"http:\/\/www.grupoinmobiliariosanisidro.com\/home\/inicio\/"},"modified":"2020-05-17T18:01:09","modified_gmt":"2020-05-17T23:01:09","slug":"inicio","status":"publish","type":"page","link":"http:\/\/www.grupoinmobiliariosanisidro.com\/home\/","title":{"rendered":"Inicio"},"content":{"rendered":"\n<p>Nuestros proyectos son hechos con los est\u00e1ndares de calidad durante el proceso constructivo y en los acabados llegando a cumplir con las expectativas de nuestros clientes.<\/p>\n\n\n\n<p>Ahora estamos empezando un nuevo <strong>Proyecto Alfonso de Molina I<\/strong>,  ubicado en una zona privilegiada rodeado de:<\/p>\n\n\n\n<p><strong>Centros de Estudios<\/strong><br>Colegios y universidades tales como Colegio Hans Christian Anderson, Casuarinas College, De la Inmaculada, Universidad de Ciencias Aplicadas, Esan, Alas Peruanas, De Piura, entre otros.<\/p>\n\n\n\n<p><strong>Centros comerciales<\/strong><br>A pocos minutos de importantes Centros Comerciales: Centro Comercial Monterrico, El Polo, Centro Comercial Chacarilla entre otros.<\/p>\n\n\n\n<p>Y con las siguientes caracter\u00edsticas y ubicaci\u00f3n:<\/p>\n\n\n\n<p><strong>Accesibilidad<\/strong><br>Accesibilidad inmediata a importantes avenidas como Primavera, La Encalada, Casuarinas, as\u00ed tambi\u00e9n acceso directo a la carretera Panamericana Sur, que conecta r\u00e1pidamente a diversos Balnearios del Sur como Asia, Punta Hermosa, San Bartolo entre otros.<\/p>\n\n\n\n<p><strong>Dise\u00f1o<\/strong><br>El departamento tiene un dise\u00f1o minimalista, moderno y funcional, con acabados de lujo. Pensando en el confort de los propietarios se ha considerado ascensor Thyssenkrupp con acceso directo al departamento, se han implementado ba\u00f1os con salidas de ducha espa\u00f1olas, tina hidromasajes en el ba\u00f1o principal, pisos flotantes de madera Pumaquiro, ba\u00f1os con bolws y tableros de m\u00e1rmol. Puertas, closets y reposteros pintados con poliuretano, tablero de granito en la cocina.<\/p>\n\n\n\n<p>Para mayor detalle puede revisarlo en la secci\u00f3n <strong><a href=\"http:\/\/www.grupoinmobiliariosanisidro.com\/home\/proyectos\/\">Proyectos<\/a><\/strong><\/p>\n","protected":false},"excerpt":{"rendered":"<p>Nuestros proyectos son hechos con los est\u00e1ndares de calidad durante el proceso constructivo y en los acabados llegando a cumplir con las expectativas de nuestros clientes. Ahora estamos empezando un nuevo Proyecto Alfonso de Molina I, ubicado en una zona privilegiada rodeado de: Centros de EstudiosColegios y universidades tales como Colegio Hans Christian Anderson, Casuarinas [&hellip;]<\/p>\n","protected":false},"author":1,"featured_media":0,"parent":0,"menu_order":0,"comment_status":"closed","ping_status":"closed","template":"","meta":{"footnotes":""},"_links":{"self":[{"href":"http:\/\/www.grupoinmobiliariosanisidro.com\/home\/wp-json\/wp\/v2\/pages\/19"}],"collection":[{"href":"http:\/\/www.grupoinmobiliariosanisidro.com\/home\/wp-json\/wp\/v2\/pages"}],"about":[{"href":"http:\/\/www.grupoinmobiliariosanisidro.com\/home\/wp-json\/wp\/v2\/types\/page"}],"author":[{"embeddable":true,"href":"http:\/\/www.grupoinmobiliariosanisidro.com\/home\/wp-json\/wp\/v2\/users\/1"}],"replies":[{"embeddable":true,"href":"http:\/\/www.grupoinmobiliariosanisidro.com\/home\/wp-json\/wp\/v2\/comments?post=19"}],"version-history":[{"count":10,"href":"http:\/\/www.grupoinmobiliariosanisidro.com\/home\/wp-json\/wp\/v2\/pages\/19\/revisions"}],"predecessor-version":[{"id":488,"href":"http:\/\/www.grupoinmobiliariosanisidro.com\/home\/wp-json\/wp\/v2\/pages\/19\/revisions\/488"}],"wp:attachment":[{"href":"http:\/\/www.grupoinmobiliariosanisidro.com\/home\/wp-json\/wp\/v2\/media?parent=19"}],"curies":[{"name":"wp","href":"https:\/\/api.w.org\/{rel}","templated":true}]}}